{"id":7663,"date":"2025-06-26T15:56:02","date_gmt":"2025-06-26T13:56:02","guid":{"rendered":"https:\/\/biolotta.de\/gewuerzuniversum\/?page_id=7663"},"modified":"2025-06-27T09:15:02","modified_gmt":"2025-06-27T07:15:02","slug":"barrierefreiheitserklaerung","status":"publish","type":"page","link":"https:\/\/biolotta.de\/gewuerzuniversum\/barrierefreiheitserklaerung\/","title":{"rendered":"Barrierefreiheitserkl\u00e4rung"},"content":{"rendered":"<p><strong>Barrierefreiheitserkl\u00e4rung<\/strong><\/p>\n<p>&nbsp;<\/p>\n<p><strong>Erkl\u00e4rung zur Barrierefreiheit<\/strong><\/p>\n<p>Die Hartkorn Gew\u00fcrzm\u00fchle GmbH ist bestrebt, unsere Website www.biolotta.de so zu gestalten, dass sie den geltenden gesetzlichen Vorgaben zur Barrierefreiheit entspricht \u2013 insbesondere im Sinne der Richtlinie (EU) 2016\/2102 des Europ\u00e4ischen Parlaments und des Rates.<\/p>\n<p>Diese Erkl\u00e4rung zur Barrierefreiheit bezieht sich auf die Website biolotta.de.<\/p>\n<p>&nbsp;<\/p>\n<p><strong>Stand der Barrierefreiheit<\/strong><\/p>\n<p>Diese Erkl\u00e4rung wurde zuletzt am 26.06.2025 aktualisiert.<\/p>\n<p>Die Einsch\u00e4tzung zur Barrierefreiheit unserer Website basiert auf einer internen Bewertung.<\/p>\n<p>Nach aktuellem Stand erf\u00fcllt unsere Website die Anforderungen an die Barrierefreiheit teilweise.<\/p>\n<p>&nbsp;<\/p>\n<p><strong>Noch bestehende Barrieren<\/strong><\/p>\n<p>Trotz aller Bem\u00fchungen bestehen derzeit folgende Einschr\u00e4nkungen:<\/p>\n<ul>\n<li>Semantische Struktur (z. B. korrekte \u00dcberschriftenhierarchie, Landmark-Rollen)<\/li>\n<li>Kontraste und Lesbarkeit<\/li>\n<li>Tastaturbedienbarkeit<\/li>\n<li>Formular-Labels und interaktive Elemente<\/li>\n<li>Screenreader-Kompatibilit\u00e4t<\/li>\n<li>Leichte Sprache \/ Geb\u00e4rdensprache<\/li>\n<li>Erreichbarkeit von Barrierefreiheitsfunktionen (z. B. Plugins)<\/li>\n<li>Die Umsetzung entsprechender Verbesserungen ist bereits geplant<\/li>\n<\/ul>\n<p>&nbsp;<\/p>\n<p><strong>R\u00fcckmeldung und Kontakt<\/strong><\/p>\n<p>Wenn Sie auf Barrieren sto\u00dfen oder Hinweise zur Verbesserung der Barrierefreiheit haben, freuen wir uns \u00fcber Ihre Nachricht:<\/p>\n<p>Hartkorn Gew\u00fcrzm\u00fchle GmbH<\/p>\n<p>Carl-Benz-Stra\u00dfe 13<\/p>\n<p>56218 M\u00fclheim-K\u00e4rlich<\/p>\n<p>E-Mail: kundenservice@hartkorn-gewuerze.de<\/p>\n<p>&nbsp;<\/p>\n<p><strong>Schlichtungsverfahren<\/strong><\/p>\n<p>Sollten Sie mit unserer R\u00fcckmeldung nicht zufrieden sein oder keine Antwort erhalten, k\u00f6nnen Sie sich an die Schlichtungsstelle nach dem Behindertengleichstellungsgesetz wenden. Diese vermittelt bei Konflikten zum barrierefreien Zugang von Websites:<\/p>\n<p>www.schlichtungsstelle-bgg.de<\/p>\n<p>&nbsp;<\/p>\n<p>Weitere Informationen bietet auch die Seite der jeweiligen Landesbeauftragten f\u00fcr digitale Barrierefreiheit, z. B.:<\/p>\n<p>www.berlin.de\/moderne-verwaltung\/barrierefreie-it\/anlaufstellen\/landesbeauftragte\/<\/p>\n","protected":false},"excerpt":{"rendered":"<p>Barrierefreiheitserkl\u00e4rung &nbsp; Erkl\u00e4rung zur Barrierefreiheit Die Hartkorn Gew\u00fcrzm\u00fchle GmbH ist bestrebt, unsere Website www.biolotta.de so zu gestalten,<\/p>\n","protected":false},"author":9,"featured_media":0,"parent":0,"menu_order":0,"comment_status":"closed","ping_status":"open","template":"","meta":{"footnotes":""},"class_list":["post-7663","page","type-page","status-publish","hentry"],"yoast_head":"<!-- This site is optimized with the Yoast SEO plugin v27.3 - https:\/\/yoast.com\/product\/yoast-seo-wordpress\/ -->\n<title>Barrierefreiheitserkl\u00e4rung - BioLotta.de<\/title>\n<meta name=\"description\" content=\"Hier finden Sie die Barrierefreiheitserkl\u00e4rung von BioLotta.\" \/>\n<meta name=\"robots\" content=\"index, follow, max-snippet:-1, max-image-preview:large, max-video-preview:-1\" \/>\n<link rel=\"canonical\" href=\"https:\/\/biolotta.de\/gewuerzuniversum\/barrierefreiheitserklaerung\/\" \/>\n<meta property=\"og:locale\" content=\"de_DE\" \/>\n<meta property=\"og:type\" content=\"article\" \/>\n<meta property=\"og:title\" content=\"Barrierefreiheitserkl\u00e4rung - BioLotta.de\" \/>\n<meta property=\"og:description\" content=\"Hier finden Sie die Barrierefreiheitserkl\u00e4rung von BioLotta.\" \/>\n<meta property=\"og:url\" content=\"https:\/\/biolotta.de\/gewuerzuniversum\/barrierefreiheitserklaerung\/\" \/>\n<meta property=\"og:site_name\" content=\"BioLotta.de\" \/>\n<meta property=\"article:publisher\" content=\"https:\/\/www.facebook.com\/BioLotta-Gew%c3%bcrze-113151033788160\" \/>\n<meta property=\"article:modified_time\" content=\"2025-06-27T07:15:02+00:00\" \/>\n<meta name=\"twitter:card\" content=\"summary_large_image\" \/>\n<meta name=\"twitter:label1\" content=\"Gesch\u00e4tzte Lesezeit\" \/>\n\t<meta name=\"twitter:data1\" content=\"2\u00a0Minuten\" \/>\n<script type=\"application\/ld+json\" class=\"yoast-schema-graph\">{\"@context\":\"https:\\\/\\\/schema.org\",\"@graph\":[{\"@type\":\"WebPage\",\"@id\":\"https:\\\/\\\/biolotta.de\\\/gewuerzuniversum\\\/barrierefreiheitserklaerung\\\/\",\"url\":\"https:\\\/\\\/biolotta.de\\\/gewuerzuniversum\\\/barrierefreiheitserklaerung\\\/\",\"name\":\"Barrierefreiheitserkl\u00e4rung - BioLotta.de\",\"isPartOf\":{\"@id\":\"https:\\\/\\\/biolotta.de\\\/gewuerzuniversum\\\/#website\"},\"datePublished\":\"2025-06-26T13:56:02+00:00\",\"dateModified\":\"2025-06-27T07:15:02+00:00\",\"description\":\"Hier finden Sie die Barrierefreiheitserkl\u00e4rung von BioLotta.\",\"breadcrumb\":{\"@id\":\"https:\\\/\\\/biolotta.de\\\/gewuerzuniversum\\\/barrierefreiheitserklaerung\\\/#breadcrumb\"},\"inLanguage\":\"de\",\"potentialAction\":[{\"@type\":\"ReadAction\",\"target\":[\"https:\\\/\\\/biolotta.de\\\/gewuerzuniversum\\\/barrierefreiheitserklaerung\\\/\"]}]},{\"@type\":\"BreadcrumbList\",\"@id\":\"https:\\\/\\\/biolotta.de\\\/gewuerzuniversum\\\/barrierefreiheitserklaerung\\\/#breadcrumb\",\"itemListElement\":[{\"@type\":\"ListItem\",\"position\":1,\"name\":\"Startseite\",\"item\":\"https:\\\/\\\/biolotta.de\\\/gewuerzuniversum\\\/\"},{\"@type\":\"ListItem\",\"position\":2,\"name\":\"Barrierefreiheitserkl\u00e4rung\"}]},{\"@type\":\"WebSite\",\"@id\":\"https:\\\/\\\/biolotta.de\\\/gewuerzuniversum\\\/#website\",\"url\":\"https:\\\/\\\/biolotta.de\\\/gewuerzuniversum\\\/\",\"name\":\"BioLotta.de\",\"description\":\"BioLotta | Nachhaltig w\u00fcrzen - Gutes tun!\",\"publisher\":{\"@id\":\"https:\\\/\\\/biolotta.de\\\/gewuerzuniversum\\\/#organization\"},\"potentialAction\":[{\"@type\":\"SearchAction\",\"target\":{\"@type\":\"EntryPoint\",\"urlTemplate\":\"https:\\\/\\\/biolotta.de\\\/gewuerzuniversum\\\/?s={search_term_string}\"},\"query-input\":{\"@type\":\"PropertyValueSpecification\",\"valueRequired\":true,\"valueName\":\"search_term_string\"}}],\"inLanguage\":\"de\"},{\"@type\":\"Organization\",\"@id\":\"https:\\\/\\\/biolotta.de\\\/gewuerzuniversum\\\/#organization\",\"name\":\"Biolotta\",\"url\":\"https:\\\/\\\/biolotta.de\\\/gewuerzuniversum\\\/\",\"logo\":{\"@type\":\"ImageObject\",\"inLanguage\":\"de\",\"@id\":\"https:\\\/\\\/biolotta.de\\\/gewuerzuniversum\\\/#\\\/schema\\\/logo\\\/image\\\/\",\"url\":\"https:\\\/\\\/biolotta.de\\\/gewuerzuniversum\\\/wp-content\\\/uploads\\\/2020\\\/07\\\/biolotta_logo.svg\",\"contentUrl\":\"https:\\\/\\\/biolotta.de\\\/gewuerzuniversum\\\/wp-content\\\/uploads\\\/2020\\\/07\\\/biolotta_logo.svg\",\"width\":\"164\",\"height\":\"111\",\"caption\":\"Biolotta\"},\"image\":{\"@id\":\"https:\\\/\\\/biolotta.de\\\/gewuerzuniversum\\\/#\\\/schema\\\/logo\\\/image\\\/\"},\"sameAs\":[\"https:\\\/\\\/www.facebook.com\\\/BioLotta-Gew\u00fcrze-113151033788160\",\"https:\\\/\\\/www.instagram.com\\\/biolotta_gewuerze\\\/\",\"https:\\\/\\\/www.pinterest.de\\\/BioLotta_Gewuerze\\\/\"]}]}<\/script>\n<!-- \/ Yoast SEO plugin. -->","yoast_head_json":{"title":"Barrierefreiheitserkl\u00e4rung - BioLotta.de","description":"Hier finden Sie die Barrierefreiheitserkl\u00e4rung von BioLotta.","robots":{"index":"index","follow":"follow","max-snippet":"max-snippet:-1","max-image-preview":"max-image-preview:large","max-video-preview":"max-video-preview:-1"},"canonical":"https:\/\/biolotta.de\/gewuerzuniversum\/barrierefreiheitserklaerung\/","og_locale":"de_DE","og_type":"article","og_title":"Barrierefreiheitserkl\u00e4rung - BioLotta.de","og_description":"Hier finden Sie die Barrierefreiheitserkl\u00e4rung von BioLotta.","og_url":"https:\/\/biolotta.de\/gewuerzuniversum\/barrierefreiheitserklaerung\/","og_site_name":"BioLotta.de","article_publisher":"https:\/\/www.facebook.com\/BioLotta-Gew%c3%bcrze-113151033788160","article_modified_time":"2025-06-27T07:15:02+00:00","twitter_card":"summary_large_image","twitter_misc":{"Gesch\u00e4tzte Lesezeit":"2\u00a0Minuten"},"schema":{"@context":"https:\/\/schema.org","@graph":[{"@type":"WebPage","@id":"https:\/\/biolotta.de\/gewuerzuniversum\/barrierefreiheitserklaerung\/","url":"https:\/\/biolotta.de\/gewuerzuniversum\/barrierefreiheitserklaerung\/","name":"Barrierefreiheitserkl\u00e4rung - BioLotta.de","isPartOf":{"@id":"https:\/\/biolotta.de\/gewuerzuniversum\/#website"},"datePublished":"2025-06-26T13:56:02+00:00","dateModified":"2025-06-27T07:15:02+00:00","description":"Hier finden Sie die Barrierefreiheitserkl\u00e4rung von BioLotta.","breadcrumb":{"@id":"https:\/\/biolotta.de\/gewuerzuniversum\/barrierefreiheitserklaerung\/#breadcrumb"},"inLanguage":"de","potentialAction":[{"@type":"ReadAction","target":["https:\/\/biolotta.de\/gewuerzuniversum\/barrierefreiheitserklaerung\/"]}]},{"@type":"BreadcrumbList","@id":"https:\/\/biolotta.de\/gewuerzuniversum\/barrierefreiheitserklaerung\/#breadcrumb","itemListElement":[{"@type":"ListItem","position":1,"name":"Startseite","item":"https:\/\/biolotta.de\/gewuerzuniversum\/"},{"@type":"ListItem","position":2,"name":"Barrierefreiheitserkl\u00e4rung"}]},{"@type":"WebSite","@id":"https:\/\/biolotta.de\/gewuerzuniversum\/#website","url":"https:\/\/biolotta.de\/gewuerzuniversum\/","name":"BioLotta.de","description":"BioLotta | Nachhaltig w\u00fcrzen - Gutes tun!","publisher":{"@id":"https:\/\/biolotta.de\/gewuerzuniversum\/#organization"},"potentialAction":[{"@type":"SearchAction","target":{"@type":"EntryPoint","urlTemplate":"https:\/\/biolotta.de\/gewuerzuniversum\/?s={search_term_string}"},"query-input":{"@type":"PropertyValueSpecification","valueRequired":true,"valueName":"search_term_string"}}],"inLanguage":"de"},{"@type":"Organization","@id":"https:\/\/biolotta.de\/gewuerzuniversum\/#organization","name":"Biolotta","url":"https:\/\/biolotta.de\/gewuerzuniversum\/","logo":{"@type":"ImageObject","inLanguage":"de","@id":"https:\/\/biolotta.de\/gewuerzuniversum\/#\/schema\/logo\/image\/","url":"https:\/\/biolotta.de\/gewuerzuniversum\/wp-content\/uploads\/2020\/07\/biolotta_logo.svg","contentUrl":"https:\/\/biolotta.de\/gewuerzuniversum\/wp-content\/uploads\/2020\/07\/biolotta_logo.svg","width":"164","height":"111","caption":"Biolotta"},"image":{"@id":"https:\/\/biolotta.de\/gewuerzuniversum\/#\/schema\/logo\/image\/"},"sameAs":["https:\/\/www.facebook.com\/BioLotta-Gew\u00fcrze-113151033788160","https:\/\/www.instagram.com\/biolotta_gewuerze\/","https:\/\/www.pinterest.de\/BioLotta_Gewuerze\/"]}]}},"_links":{"self":[{"href":"https:\/\/biolotta.de\/gewuerzuniversum\/wp-json\/wp\/v2\/pages\/7663","targetHints":{"allow":["GET"]}}],"collection":[{"href":"https:\/\/biolotta.de\/gewuerzuniversum\/wp-json\/wp\/v2\/pages"}],"about":[{"href":"https:\/\/biolotta.de\/gewuerzuniversum\/wp-json\/wp\/v2\/types\/page"}],"author":[{"embeddable":true,"href":"https:\/\/biolotta.de\/gewuerzuniversum\/wp-json\/wp\/v2\/users\/9"}],"replies":[{"embeddable":true,"href":"https:\/\/biolotta.de\/gewuerzuniversum\/wp-json\/wp\/v2\/comments?post=7663"}],"version-history":[{"count":4,"href":"https:\/\/biolotta.de\/gewuerzuniversum\/wp-json\/wp\/v2\/pages\/7663\/revisions"}],"predecessor-version":[{"id":7670,"href":"https:\/\/biolotta.de\/gewuerzuniversum\/wp-json\/wp\/v2\/pages\/7663\/revisions\/7670"}],"wp:attachment":[{"href":"https:\/\/biolotta.de\/gewuerzuniversum\/wp-json\/wp\/v2\/media?parent=7663"}],"curies":[{"name":"wp","href":"https:\/\/api.w.org\/{rel}","templated":true}]}}